{"id":71,"date":"2011-08-25T15:01:48","date_gmt":"2011-08-25T15:01:48","guid":{"rendered":"http:\/\/localhost\/?page_id=71"},"modified":"2012-09-16T22:31:14","modified_gmt":"2012-09-16T20:31:14","slug":"participants","status":"publish","type":"page","link":"http:\/\/nemrud.nl\/index.php\/saving-nemrud\/2001-2003-university-of-amsterdam\/participants\/","title":{"rendered":"Participants"},"content":{"rendered":"<p style=\"text-align: justify;\"><strong><span style=\"text-decoration: underline;\">NDP: Participants (list not complete)<\/span><\/strong><\/p>\n<p style=\"text-align: justify;\"><span style=\"text-decoration: underline;\">UvA University of Amsterdam<\/span>; Projectmanager Professor Dr. Herman Brijder, Dr. Tesse Stek, Dr. Ellen Thiermann, Drs. Jurriaan Venneman.<br \/>\n  <span style=\"text-decoration: underline;\">University Nijmegen<\/span>; Acting Projectmanager Professor Dr. Eric Moormann, Dr. Louis van den Hengel.<br \/>\n  <span style=\"text-decoration: underline;\">University Leiden<\/span>; Assistent Acting Projectmanager Ass.Prof. Dr. Miguel J. Versluys, Dr. Bram van As.<br \/>\n  <span style=\"text-decoration: underline;\">University of Ankara<\/span>; Assoc.Prof.Dr. Sel\u00e7uk \u015eener, Professor Dr. Orhan Bing\u00f6l.<br \/>\n  <span style=\"text-decoration: underline;\">University of Pennsylvania<\/span>; Dr. Elena Charola.<br \/>\n  <span style=\"text-decoration: underline;\">METU Middle East Technical University<\/span>; Professor Dr. Emine \u00c7aner-Saltik, Evin Erder MSc, Dr. Ayse Tavukcuoglu, Assoc.Prof.Dr. Ahmet Turer, Professor Dr. Tamer Topal.<br \/>\n  <span style=\"text-decoration: underline;\">University of Technology Delft<\/span>; Department of Mathematical Geodesy; Ir. Johannes Garlich, Ing. Marinus Kremers.<br \/>\n  <span style=\"text-decoration: underline;\">RUG Groningen<\/span>; Professor Dr. Onno van Nijf, Dr. Marlies Schipperheijn, Drs. Frits Steenhuizen, Drs. Huibrecht Waterbolk (\u2020).<br \/>\n  <span style=\"text-decoration: underline;\">St.Cyrillus and Methodius University Skopje<\/span>; Professor Dr. Pedrag Gavrilovic.<br \/>\n  <span style=\"text-decoration: underline;\">RWTH Aachen<\/span>; Dr. Dipl.-Ing Bernd Fiztner, Dipl.-Geol. Kurt Heinrichs, Dipl.-Geol. Dennis la Bouchardiere.<br \/>\n  <span style=\"text-decoration: underline;\">Consultants<\/span>; Christoph Kronewirth, Dr. Eberhard Wendler, Dr. Paolo Pagnin, Drs. Ernest Mols, Dipl.-Ing. Klaus-Dieter Kiepsch, \u00d6mer Y\u00f6r\u00fckoglu.<br \/>\n  <span style=\"text-decoration: underline;\">Representatives Ministry of Culture<\/span>; Levent Vardar, Nurhan Turan, Latif \u00d6zen, Soner Ate\u015fo\u011fullari, \u00d6mer Faruk T\u00fcrkan, Ilknur Ery\u0131ld\u0131r\u0131m.<br \/>\n  <span style=\"text-decoration: underline;\">WMF World Monuments Fund<\/span>; John Stubbs, Mark Weber.<br \/>\n  <span style=\"text-decoration: underline;\">INF International Nemrud Foundation<\/span>; Project co-ordinator Ir. Maurice Crijns, Anne ten Brink, Ir. Jaap Groot, Ing. Willian van den Bogaard, Drs. Petronella van de Mortel, Mahmut Arslan.<br \/>\n  <span style=\"text-decoration: underline;\">ENKA Team<\/span>; \u00dcnal Nakipler, Adnan Erdem, Zekai \u015ealc\u0131.<\/p>\n<p style=\"text-align: justify;\"><strong>1 University of Amsterdam, Amsterdam Archeaological Centre<\/strong><\/p>\n<p style=\"text-align: justify;\"><img decoding=\"async\" loading=\"lazy\" class=\"alignnone size-full wp-image-2136\" style=\"border: 1px solid black;\" title=\"Professor Dr. Herman A.G. Brijder\" src=\"http:\/\/nemrud.nl\/wp-content\/uploads\/2011\/08\/brijder1.jpg\" alt=\"\" width=\"157\" height=\"149\" \/><span style=\"text-decoration: underline;\"><br \/>\n  Projectmanager<br \/>\n  <\/span><strong>Professor Dr. Herman A.G. Brijder<br \/>\n  <\/strong><em>Professor of Classical Archaeology and History of Ancient Art<\/em> <em>director of the Allard Pierson Museum<\/em><em><\/em><\/p>\n<p><img decoding=\"async\" loading=\"lazy\" class=\"alignnone size-full wp-image-2139\" style=\"border: 1px solid black;\" title=\"Drs. Tesse D. Stek\" src=\"http:\/\/nemrud.nl\/wp-content\/uploads\/2011\/08\/stek.jpg\" alt=\"\" width=\"157\" height=\"149\" \/><br \/>\n  <strong>Dr. Tesse D. Stek<br \/>\n  <\/strong><em>classical archaeologist<\/em> <\/p>\n<p><em> <\/em> <em><\/em> <em><\/em><img decoding=\"async\" loading=\"lazy\" class=\"alignnone size-full wp-image-2142\" style=\"border: 1px solid black;\" title=\"Drs. Ellen Thiermann\" src=\"http:\/\/nemrud.nl\/wp-content\/uploads\/2011\/08\/thiermann.jpg\" alt=\"\" width=\"157\" height=\"149\" \/><br \/>\n  <strong>Dr. Ellen Thiermann<br \/>\n  <\/strong><em>classical archaeologist<\/em> <\/p>\n<p><img decoding=\"async\" loading=\"lazy\" class=\"alignnone size-full wp-image-2144\" style=\"border: 1px solid black;\" title=\"Drs. Jurriaan Venneman \" src=\"http:\/\/nemrud.nl\/wp-content\/uploads\/2011\/08\/venneman.jpg\" alt=\"\" width=\"157\" height=\"149\" \/><br \/>\n  <strong>Drs. Jurriaan Venneman<br \/>\n  <\/strong><em>classical archaeologist<\/em> <\/p>\n<p style=\"text-align: justify;\"><strong> 2 University Nijmegen<\/strong><\/p>\n<p style=\"text-align: justify;\"><img decoding=\"async\" loading=\"lazy\" class=\"alignnone size-full wp-image-2146\" style=\"border: 1px solid black;\" title=\"moormann\" src=\"http:\/\/nemrud.nl\/wp-content\/uploads\/2011\/08\/moormann.jpg\" alt=\"\" width=\"157\" height=\"149\" \/><br \/>\n  <span style=\"text-decoration: underline;\">Acting Projectmanager<br \/>\n  <\/span><strong>Professor Dr. Eric M. Moormann<br \/>\n  <\/strong><em>classical archaeologist<\/em><\/p>\n<p><img decoding=\"async\" loading=\"lazy\" class=\"alignnone size-full wp-image-2147\" style=\"border: 1px solid black;\" title=\"Drs. Louis van den Hengel\" src=\"http:\/\/nemrud.nl\/wp-content\/uploads\/2011\/08\/hengel.jpg\" alt=\"\" width=\"157\" height=\"149\" \/><br \/>\nDr. Louis van den Hengel<br \/>\n<em>classical archaeologist<\/em><\/p>\n<p style=\"text-align: justify;\"><strong> 3 University Leiden<\/strong><\/p>\n<p style=\"text-align: justify;\"><img decoding=\"async\" loading=\"lazy\" class=\"alignnone size-full wp-image-2149\" style=\"border: 1px solid black;\" title=\"Dr. Miguel J. Versluys\" src=\"http:\/\/nemrud.nl\/wp-content\/uploads\/2011\/08\/versluys.jpg\" alt=\"\" width=\"157\" height=\"182\" \/><br \/>\n  <span style=\"text-decoration: underline;\">Assistent Acting Projectmanager<br \/>\n  <\/span><strong>Dr. Miguel J. Versluys<br \/>\n  <\/strong><em>classical archaeologist<\/em> <em>Ass. Professor at the Faculty of Archaeology<\/em><\/p>\n<p><img decoding=\"async\" loading=\"lazy\" class=\"alignnone size-full wp-image-2150\" style=\"border: 1px solid black;\" title=\"Dr. Bram van As\" src=\"http:\/\/nemrud.nl\/wp-content\/uploads\/2011\/08\/as.jpg\" alt=\"\" width=\"157\" height=\"149\" \/><br \/>\n<strong>Dr. Bram van As<br \/>\n<\/strong><em>Near-East archaeologist \/ ceramist<\/em><\/p>\n<p style=\"text-align: justify;\"><strong>4 University of Ankara<\/strong><\/p>\n<p style=\"text-align: justify;\"><img decoding=\"async\" loading=\"lazy\" class=\"alignnone size-full wp-image-2152\" style=\"border: 1px solid black;\" title=\"Assoc.Prof.Dr. Y. Sel\u00e7uk \u015eener\" src=\"http:\/\/nemrud.nl\/wp-content\/uploads\/2011\/08\/sener.jpg\" alt=\"\" width=\"157\" height=\"149\" \/><br \/>\n  <strong>Assoc.Prof.Dr. Y. Sel\u00e7uk \u015eener<br \/>\n  <\/strong><em>at present working at the Gazi University<\/em> <em>stone scientist and conservator<\/em><\/p>\n<p style=\"text-align: justify;\"><img decoding=\"async\" loading=\"lazy\" class=\"alignnone size-full wp-image-2153\" style=\"border: 1px solid black;\" title=\"Professor Dr. Orhan Bing\u00f6l\" src=\"http:\/\/nemrud.nl\/wp-content\/uploads\/2011\/08\/bingol.jpg\" alt=\"\" width=\"157\" height=\"149\" \/><br \/>\n  <strong>Professor Dr. Orhan Bing\u00f6l<br \/>\n  <\/strong><em>classical archaeologist<\/em> <em>Conservation Team of the Ankara University<\/em><\/p>\n<p style=\"text-align: justify;\"><div id=\"attachment_2154\" style=\"width: 440px\" class=\"wp-caption alignnone\"><img aria-describedby=\"caption-attachment-2154\" decoding=\"async\" loading=\"lazy\" class=\"size-full wp-image-2154 \" style=\"border: 1px solid black;\" title=\"Conservation Team of the Ankara University\" src=\"http:\/\/nemrud.nl\/wp-content\/uploads\/2011\/08\/team.jpg\" alt=\"Conservation Team of the Ankara University\" width=\"430\" height=\"266\" srcset=\"http:\/\/nemrud.nl\/wp-content\/uploads\/2011\/08\/team.jpg 430w, http:\/\/nemrud.nl\/wp-content\/uploads\/2011\/08\/team-300x185.jpg 300w\" sizes=\"(max-width: 430px) 100vw, 430px\" \/><p id=\"caption-attachment-2154\" class=\"wp-caption-text\"><br \/>\n  Conservation Team of the Ankara University<\/p><\/div><\/p>\n<p style=\"text-align: justify;\"><strong> 5 University of Pennsylvania<\/strong><\/p>\n<p><img decoding=\"async\" loading=\"lazy\" class=\"alignnone size-full wp-image-2156\" style=\"border: 1px solid black;\" title=\"Dr. A. Elena Charola\" src=\"http:\/\/nemrud.nl\/wp-content\/uploads\/2011\/08\/sharola.jpg\" alt=\"\" width=\"157\" height=\"149\" \/><br \/>\n<strong>Dr. A. Elena Charola<br \/>\n<\/strong><em>chemist<\/em><\/p>\n<p style=\"text-align: justify;\"><strong>6 METU Middle East Technical University<\/strong><\/p>\n<p style=\"text-align: justify;\"><img decoding=\"async\" loading=\"lazy\" class=\"alignnone size-full wp-image-2159\" style=\"border: 1px solid black;\" title=\"Professor Dr. Emine N. \u00c7aner-Saltik\" src=\"http:\/\/nemrud.nl\/wp-content\/uploads\/2011\/08\/caner.jpg\" alt=\"\" width=\"157\" height=\"149\" \/><br \/>\n  <strong>Professor Dr. Emine N. \u00c7aner-Saltik<br \/>\n  <\/strong><em>conservation scientist<\/em><\/p>\n<p style=\"text-align: justify;\"><strong>Evin Erder MSc<\/strong><\/p>\n<p style=\"text-align: justify;\"><img decoding=\"async\" loading=\"lazy\" class=\"alignnone size-full wp-image-2161\" style=\"border: 1px solid black;\" title=\"Dr. Ayse Tavukcuoglu\" src=\"http:\/\/nemrud.nl\/wp-content\/uploads\/2011\/08\/tavukcuoglu.jpg\" alt=\"\" width=\"157\" height=\"149\" \/><br \/>\n  <strong>Dr. Ayse Tavukcuoglu<br \/>\n  <\/strong><em>conservation architect<\/em><\/p>\n<p style=\"text-align: justify;\"><img decoding=\"async\" loading=\"lazy\" class=\"alignnone size-full wp-image-2162\" style=\"border: 1px solid black;\" title=\"Assoc.Prof.Dr. Ahmet Turer\" src=\"http:\/\/nemrud.nl\/wp-content\/uploads\/2011\/08\/turer.jpg\" alt=\"\" width=\"157\" height=\"149\" \/><br \/>\n  <strong>Assoc.Prof.Dr. Ahmet Turer<br \/>\n  <\/strong><em>structural engineer<\/em><\/p>\n<p style=\"text-align: justify;\"><img decoding=\"async\" loading=\"lazy\" class=\"alignnone size-full wp-image-2163\" style=\"border: 1px solid black;\" title=\"Professor Dr. Tamer Topal\" src=\"http:\/\/nemrud.nl\/wp-content\/uploads\/2011\/08\/topal.jpg\" alt=\"\" width=\"157\" height=\"149\" \/><br \/>\n  <strong>Professor Dr. Tamer Topal<br \/>\n  <\/strong><em>geologist<\/em>&nbsp; <\/p>\n<p style=\"text-align: justify;\"><strong>7 University of Technology Delft, Department of Mathematical Geodesy<\/strong><\/p>\n<p style=\"text-align: justify;\"><img decoding=\"async\" loading=\"lazy\" class=\"alignnone size-full wp-image-2165\" style=\"border: 1px solid black;\" title=\"Ir. Johannes Garlich\" src=\"http:\/\/nemrud.nl\/wp-content\/uploads\/2011\/08\/garlich.jpg\" alt=\"\" width=\"157\" height=\"149\" \/><br \/>\n  <strong>Ir. Johannes Garlich<br \/>\n  <\/strong><em>surveyor<\/em><\/p>\n<p style=\"text-align: justify;\"><img decoding=\"async\" loading=\"lazy\" class=\"alignnone size-full wp-image-2166\" style=\"border: 1px solid black;\" title=\"Ing. Marinus J.M. Kremers\" src=\"http:\/\/nemrud.nl\/wp-content\/uploads\/2011\/08\/kreemer.jpg\" alt=\"\" width=\"157\" height=\"149\" \/><\/p>\n<p style=\"text-align: justify;\"><strong>Ing. Marinus J.M. Kremers<\/strong> <em><br \/>\n  surveyor<\/em>&nbsp; <\/p>\n<p style=\"text-align: justify;\"><strong>8 RUG Groningen, Department Epigraphy<\/strong><\/p>\n<p style=\"text-align: justify;\"><img decoding=\"async\" loading=\"lazy\" class=\"alignnone size-full wp-image-2169\" style=\"border: 1px solid black;\" title=\"Professor Dr. Onno M. van Nijf\" src=\"http:\/\/nemrud.nl\/wp-content\/uploads\/2011\/08\/nijf.jpg\" alt=\"\" width=\"157\" height=\"149\" \/><br \/>\n  <strong>Professor Dr. Onno M. van Nijf<br \/>\n  <\/strong><em>epigraphist<\/em><\/p>\n<p style=\"text-align: justify;\"><img decoding=\"async\" loading=\"lazy\" class=\"alignnone size-full wp-image-2170\" style=\"border: 1px solid black;\" title=\"Dr. Marlies Schipperheijn\" src=\"http:\/\/nemrud.nl\/wp-content\/uploads\/2011\/08\/schipperheijn.jpg\" alt=\"\" width=\"157\" height=\"149\" \/><br \/>\n  <strong>Dr. Marlies Schipperheijn<br \/>\n  <\/strong><em>epigraphist<\/em><\/p>\n<p style=\"text-align: justify;\"><img decoding=\"async\" loading=\"lazy\" class=\"alignnone size-full wp-image-2171\" style=\"border: 1px solid black;\" title=\"Drs. Frits Steenhuizen\" src=\"http:\/\/nemrud.nl\/wp-content\/uploads\/2011\/08\/steenhuizen.jpg\" alt=\"\" width=\"157\" height=\"149\" \/><br \/>\n  <strong>Drs. Frits Steenhuizen<br \/>\n  <\/strong><em>operator high-resolution scanner<\/em><\/p>\n<p style=\"text-align: justify;\"><img decoding=\"async\" loading=\"lazy\" class=\"alignnone size-full wp-image-2172\" style=\"border: 1px solid black;\" title=\"Drs. Huibrecht J. Waterbolk\" src=\"http:\/\/nemrud.nl\/wp-content\/uploads\/2011\/08\/waterbolk.jpg\" alt=\"\" width=\"157\" height=\"149\" \/><br \/>\n  <strong>Drs. Huibrecht J. Waterbolk (\u2020)<br \/>\n  <\/strong><em>scanning technician<\/em><\/p>\n<p style=\"text-align: justify;\"><strong>9 St.Cyrillus and Methodius University Skopje<\/strong><\/p>\n<p style=\"text-align: justify;\"><img decoding=\"async\" loading=\"lazy\" class=\"alignnone size-full wp-image-2174\" style=\"border: 1px solid black;\" title=\"Professor Dr. Pedrag Gavrilovic\" src=\"http:\/\/nemrud.nl\/wp-content\/uploads\/2011\/08\/gavrilovic.jpg\" alt=\"\" width=\"157\" height=\"149\" \/><br \/>\n  <strong>Professor Dr. Pedrag Gavrilovic<br \/>\n  <\/strong><em>geologist \/ structural engineer \/ seismic consultant<\/em><\/p>\n<p style=\"text-align: justify;\"><strong>10 RWTH Aachen<\/strong><\/p>\n<p style=\"text-align: justify;\"><img decoding=\"async\" loading=\"lazy\" class=\"alignnone size-full wp-image-2176\" style=\"border: 1px solid black;\" title=\"Dr. Dipl.-Ing Bernd Fiztner\" src=\"http:\/\/nemrud.nl\/wp-content\/uploads\/2011\/08\/fiztner.jpg\" alt=\"\" width=\"157\" height=\"149\" \/><br \/>\n  <strong>Dr. Dipl.-Ing Bernd Fiztner<br \/>\n  <\/strong><em>geologist \/ stone scientist<\/em> <em>director of the Geological Institute of the RWTH<\/em><\/p>\n<p style=\"text-align: justify;\"><img decoding=\"async\" loading=\"lazy\" class=\"alignnone size-full wp-image-2177\" style=\"border: 1px solid black;\" title=\"Dipl.-Geol. Kurt Heinrichs\" src=\"http:\/\/nemrud.nl\/wp-content\/uploads\/2011\/08\/heinrich.jpg\" alt=\"\" width=\"157\" height=\"149\" \/><br \/>\n  <strong>Dipl.-Geol. Kurt Heinrichs<br \/>\n  <\/strong><em>geologist \/ stone scientist<\/em><\/p>\n<p style=\"text-align: justify;\"><img decoding=\"async\" loading=\"lazy\" class=\"alignnone size-full wp-image-2178\" style=\"border: 1px solid black;\" title=\"Dipl.-Geol. Dennis la Bouchardiere\" src=\"http:\/\/nemrud.nl\/wp-content\/uploads\/2011\/08\/bouchardiere.jpg\" alt=\"\" width=\"157\" height=\"149\" \/><br \/>\n  <strong>Dipl.-Geol. Dennis la Bouchardiere<br \/>\n  <\/strong><em>geologist \/ stone scientist<\/em>&nbsp; <\/p>\n<p style=\"text-align: justify;\"><strong>11 Consultants<\/strong><\/p>\n<p style=\"text-align: justify;\"><img decoding=\"async\" loading=\"lazy\" class=\"alignnone size-full wp-image-2180\" style=\"border: 1px solid black;\" title=\"Christoph Kronewirth\" src=\"http:\/\/nemrud.nl\/wp-content\/uploads\/2011\/08\/Kronewirth.jpg\" alt=\"\" width=\"157\" height=\"149\" \/><br \/>\n  <strong>Christoph Kronewirth<br \/>\n  <\/strong><em>conservator and restorator<\/em><\/p>\n<p style=\"text-align: justify;\"><strong>Dr. Eberhard Wendler<br \/>\n  <\/strong><em>chemist \/ stone scientist<\/em><\/p>\n<p style=\"text-align: justify;\"><img decoding=\"async\" loading=\"lazy\" class=\"alignnone size-full wp-image-2181\" style=\"border: 1px solid black;\" title=\"Dr. Paolo Pagnin\" src=\"http:\/\/nemrud.nl\/wp-content\/uploads\/2011\/08\/Pagnin.jpg\" alt=\"\" width=\"157\" height=\"149\" \/><br \/>\n  <strong>Dr. Paolo Pagnin<br \/>\n  <\/strong><em>stone conservator<\/em><\/p>\n<p style=\"text-align: justify;\"><img decoding=\"async\" loading=\"lazy\" class=\"alignnone size-full wp-image-2182\" style=\"border: 1px solid black;\" title=\"Drs. Ernest Mols\" src=\"http:\/\/nemrud.nl\/wp-content\/uploads\/2011\/08\/Mols.jpg\" alt=\"\" width=\"157\" height=\"149\" \/><br \/>\n  <strong>Drs. Ernest Mols<br \/>\n  <\/strong><em>biologist \/ prehistorian<\/em><\/p>\n<p style=\"text-align: justify;\"><img decoding=\"async\" loading=\"lazy\" class=\"alignnone size-full wp-image-2183\" style=\"border: 1px solid black;\" title=\"Dipl.-Ing. Klaus-Dieter Kiepsch\" src=\"http:\/\/nemrud.nl\/wp-content\/uploads\/2011\/08\/Kiepsch.jpg\" alt=\"\" width=\"157\" height=\"149\" \/><br \/>\n  <strong>Dipl.-Ing. Klaus-Dieter Kiepsch<br \/>\n  <\/strong><em>Callidus operator 3D laserscan<\/em><\/p>\n<p style=\"text-align: justify;\"><img decoding=\"async\" loading=\"lazy\" class=\"alignnone size-full wp-image-2184\" style=\"border: 1px solid black;\" title=\"\u00d6mer Y\u00f6r\u00fckoglu\" src=\"http:\/\/nemrud.nl\/wp-content\/uploads\/2011\/08\/yorukoglu.jpg\" alt=\"\" width=\"157\" height=\"149\" \/><br \/>\n  <strong>\u00d6mer Y\u00f6r\u00fckoglu<br \/>\n  <\/strong><em>archaeologist<\/em>&nbsp; <\/p>\n<p style=\"text-align: justify;\"><strong>12 Representatives Ministry<\/strong><\/p>\n<p style=\"text-align: justify;\"><img decoding=\"async\" loading=\"lazy\" class=\"alignnone size-full wp-image-2186\" style=\"border: 1px solid black;\" title=\"Levent Vardar \" src=\"http:\/\/nemrud.nl\/wp-content\/uploads\/2011\/08\/Vardar.jpg\" alt=\"\" width=\"157\" height=\"149\" \/><br \/>\n  <em><span style=\"text-decoration: underline;\">2001 <\/span><\/em><em><\/em><span style=\"text-decoration: underline;\">representative Ministry of Culture<br \/>\n  <\/span><strong>Levent Vardar<br \/>\n  <\/strong><em>classical archaeologist<\/em><\/p>\n<p style=\"text-align: justify;\"><img decoding=\"async\" loading=\"lazy\" class=\"alignnone size-full wp-image-2187\" style=\"border: 1px solid black;\" title=\"Nurhan Turan\" src=\"http:\/\/nemrud.nl\/wp-content\/uploads\/2011\/08\/Turan.jpg\" alt=\"\" width=\"157\" height=\"149\" \/><br \/>\n  <em><span style=\"text-decoration: underline;\">2001<\/span><\/em><em><\/em><span style=\"text-decoration: underline;\"> representative Ministry of Culture<br \/>\n  <\/span><strong>Nurhan Turan<\/strong><\/p>\n<p style=\"text-align: justify;\"><img decoding=\"async\" loading=\"lazy\" class=\"alignnone size-full wp-image-2188\" style=\"border: 1px solid black;\" title=\"Latif \u00d6zen\" src=\"http:\/\/nemrud.nl\/wp-content\/uploads\/2011\/08\/Ozen.jpg\" alt=\"\" width=\"157\" height=\"149\" \/><br \/>\n  <em><span style=\"text-decoration: underline;\">2002 <\/span><\/em><em><\/em><span style=\"text-decoration: underline;\">representative Ministry of Culture<br \/>\n  <\/span><strong>Latif \u00d6zen<br \/>\n  <\/strong><em>Museum of Anatolian Civilisations<\/em> <em>chemist<\/em><\/p>\n<p style=\"text-align: justify;\"><img decoding=\"async\" loading=\"lazy\" class=\"alignnone size-full wp-image-2189\" style=\"border: 1px solid black;\" title=\"Soner Ate\u015fo\u011fullari\" src=\"http:\/\/nemrud.nl\/wp-content\/uploads\/2011\/08\/Soner.jpg\" alt=\"\" width=\"157\" height=\"149\" \/><br \/>\n  <em><span style=\"text-decoration: underline;\">2002<\/span><\/em><em><\/em><span style=\"text-decoration: underline;\"> representative Ministry of Culture<br \/>\n  <\/span><strong>Soner Ate\u015fo\u011fullari<br \/>\n  <\/strong><em>classical archaeologist<\/em><\/p>\n<p style=\"text-align: justify;\"><img decoding=\"async\" loading=\"lazy\" class=\"alignnone size-full wp-image-2190\" style=\"border: 1px solid black;\" title=\"\u00d6mer Faruk T\u00fcrkan\" src=\"http:\/\/nemrud.nl\/wp-content\/uploads\/2011\/08\/Turkan.jpg\" alt=\"\" width=\"157\" height=\"149\" \/><br \/>\n  <em><span style=\"text-decoration: underline;\">2003 <\/span><\/em><em><\/em><span style=\"text-decoration: underline;\">representative Ministry of Culture<br \/>\n  <\/span><strong>\u00d6mer Faruk T\u00fcrkan<br \/>\n  <\/strong><em>Museum of Ak\u015fehir<\/em><\/p>\n<p style=\"text-align: justify;\"><img decoding=\"async\" loading=\"lazy\" class=\"alignnone size-full wp-image-2191\" style=\"border: 1px solid black;\" title=\"Ilknur Ery\u0131ld\u0131r\u0131m\" src=\"http:\/\/nemrud.nl\/wp-content\/uploads\/2011\/08\/Ilknur.jpg\" alt=\"\" width=\"157\" height=\"149\" \/><br \/>\n  <em><span style=\"text-decoration: underline;\">2003 <\/span><\/em><em><\/em><span style=\"text-decoration: underline;\">representative Ministry of Culture<br \/>\n  <\/span><strong>Ilknur Ery\u0131ld\u0131r\u0131m<br \/>\n  <\/strong><em>Museum of Anatolian Civilisations<\/em>&nbsp; <\/p>\n<p style=\"text-align: justify;\"><strong>13 World Monuments Fund<\/strong><\/p>\n<p style=\"text-align: justify;\"><img decoding=\"async\" loading=\"lazy\" class=\"alignnone size-full wp-image-2196\" style=\"border: 1px solid black;\" title=\"John Stubbs\" src=\"http:\/\/nemrud.nl\/wp-content\/uploads\/2011\/08\/Stubbs.jpg\" alt=\"\" width=\"157\" height=\"149\" \/><br \/>\n  <strong>John Stubbs<br \/>\n  <\/strong><em>vice-president WMF<\/em><\/p>\n<p style=\"text-align: justify;\"><img decoding=\"async\" loading=\"lazy\" class=\"alignnone size-full wp-image-2197\" style=\"border: 1px solid black;\" title=\"Mark Weber\" src=\"http:\/\/nemrud.nl\/wp-content\/uploads\/2011\/08\/Weber.jpg\" alt=\"\" width=\"157\" height=\"149\" \/><br \/>\n  <strong>Mark Weber<br \/>\n  <\/strong><em>technical director WMF<\/em>&nbsp; <\/p>\n<p style=\"text-align: justify;\"><strong>14 International Nemrud Fou<\/strong><strong>ndation<\/strong><\/p>\n<p style=\"text-align: justify;\"><img decoding=\"async\" loading=\"lazy\" class=\"alignnone size-full wp-image-2200\" style=\"border: 1px solid black;\" title=\"Ir. Maurice L.A. Crijns\" src=\"http:\/\/nemrud.nl\/wp-content\/uploads\/2011\/08\/Crijns.jpg\" alt=\"\" width=\"157\" height=\"149\" \/><br \/>\n  <span style=\"text-decoration: underline;\">Project co-ordinator<br \/>\n  <\/span><strong>Ir. Maurice L.A. Crijns<br \/>\n  <\/strong><em>architect<\/em><\/p>\n<p style=\"text-align: justify;\"><img decoding=\"async\" loading=\"lazy\" class=\"alignnone size-full wp-image-2201\" style=\"border: 1px solid black;\" title=\"Anne ten Brink\" src=\"http:\/\/nemrud.nl\/wp-content\/uploads\/2011\/08\/Brink.jpg\" alt=\"\" width=\"157\" height=\"149\" \/><br \/>\n  <span style=\"text-decoration: underline;\">Logistics<br \/>\n  <\/span><strong>Anne ten Brink<br \/>\n  <\/strong><em>teacher \/ prehistorian<\/em><\/p>\n<p style=\"text-align: justify;\"><img decoding=\"async\" loading=\"lazy\" class=\"alignnone size-full wp-image-2202\" style=\"border: 1px solid black;\" title=\"Ir. Jaap Groot\" src=\"http:\/\/nemrud.nl\/wp-content\/uploads\/2011\/08\/Groot.jpg\" alt=\"\" width=\"157\" height=\"149\" \/><br \/>\n  <span style=\"text-decoration: underline;\">Engineering<br \/>\n  <\/span><strong>Ir. Jaap Groot<br \/>\n  <\/strong><em>structural engineer<\/em><\/p>\n<p style=\"text-align: justify;\"><img decoding=\"async\" loading=\"lazy\" class=\"alignnone size-full wp-image-2203\" style=\"border: 1px solid black;\" title=\"Ing. Willian A. M. van den Bogaard\" src=\"http:\/\/nemrud.nl\/wp-content\/uploads\/2011\/08\/Boogaard.jpg\" alt=\"\" width=\"157\" height=\"149\" \/><br \/>\n  <strong>Ing. Willian A. M. van den Bogaard<br \/>\n  <\/strong><em>CAD engineer<\/em><\/p>\n<p style=\"text-align: justify;\"><img decoding=\"async\" loading=\"lazy\" class=\"alignnone size-full wp-image-2204\" style=\"border: 1px solid black;\" title=\"Drs. Petronella J.M. van de Mortel\" src=\"http:\/\/nemrud.nl\/wp-content\/uploads\/2011\/08\/Mortel.jpg\" alt=\"\" width=\"157\" height=\"149\" \/><br \/>\n  <strong>Drs. Petronella J.M. van de Mortel<br \/>\n  <\/strong><em>Linguist \/ database specialist<\/em><\/p>\n<p style=\"text-align: justify;\"><img decoding=\"async\" loading=\"lazy\" class=\"alignnone size-full wp-image-2206\" style=\"border: 1px solid black;\" title=\"Mahmut Arslan\" src=\"http:\/\/nemrud.nl\/wp-content\/uploads\/2011\/08\/Arslan.jpg\" alt=\"\" width=\"157\" height=\"149\" \/><br \/>\n  <strong>Mahmut Arslan<br \/>\n  <\/strong><em>former teacher, owner Kommagene Hotel, journalist and tourism manager K\u0203hta<\/em><\/p>\n<p style=\"text-align: justify;\"><strong>15 ENKA Team<\/strong><\/p>\n<p style=\"text-align: justify;\"><img decoding=\"async\" loading=\"lazy\" class=\"alignnone size-full wp-image-2207\" style=\"border: 1px solid black;\" title=\"\u00dcnal Nakipler\" src=\"http:\/\/nemrud.nl\/wp-content\/uploads\/2011\/08\/Nakipler.jpg\" alt=\"\" width=\"157\" height=\"149\" \/><br \/>\n  <strong>\u00dcnal Nakipler<br \/>\n  <\/strong><em>structural engineer ENKA Machinery &amp; Equipment Group Manager<\/em><\/p>\n<p><img decoding=\"async\" loading=\"lazy\" class=\"size-full wp-image-2210\" style=\"border: 1px solid black;\" title=\"ENKA Machinery &amp; Equipment\" src=\"http:\/\/nemrud.nl\/wp-content\/uploads\/2011\/08\/Enka.jpg\" alt=\"\" width=\"600\" height=\"163\" srcset=\"http:\/\/nemrud.nl\/wp-content\/uploads\/2011\/08\/Enka.jpg 600w, http:\/\/nemrud.nl\/wp-content\/uploads\/2011\/08\/Enka-300x81.jpg 300w\" sizes=\"(max-width: 600px) 100vw, 600px\" \/><br \/>\n  ENKA team: <strong>Adnan Erdem<\/strong>, foreman (third from left) and <strong>Zekai \u015ealc\u0131<\/strong>, crane operator (second from left) <\/p>\n<p>\n","protected":false},"excerpt":{"rendered":"<p>NDP: Participants (list not complete) UvA University of Amsterdam; Projectmanager Professor Dr. Herman Brijder, Dr. Tesse Stek, Dr. Ellen Thiermann, Drs. Jurriaan Venneman. University Nijmegen; Acting Projectmanager Professor Dr. Eric [&hellip;]<\/p>\n","protected":false},"author":1,"featured_media":0,"parent":22,"menu_order":4,"comment_status":"closed","ping_status":"closed","template":"","meta":{"ngg_post_thumbnail":0},"_links":{"self":[{"href":"http:\/\/nemrud.nl\/index.php\/wp-json\/wp\/v2\/pages\/71"}],"collection":[{"href":"http:\/\/nemrud.nl\/index.php\/wp-json\/wp\/v2\/pages"}],"about":[{"href":"http:\/\/nemrud.nl\/index.php\/wp-json\/wp\/v2\/types\/page"}],"author":[{"embeddable":true,"href":"http:\/\/nemrud.nl\/index.php\/wp-json\/wp\/v2\/users\/1"}],"replies":[{"embeddable":true,"href":"http:\/\/nemrud.nl\/index.php\/wp-json\/wp\/v2\/comments?post=71"}],"version-history":[{"count":0,"href":"http:\/\/nemrud.nl\/index.php\/wp-json\/wp\/v2\/pages\/71\/revisions"}],"up":[{"embeddable":true,"href":"http:\/\/nemrud.nl\/index.php\/wp-json\/wp\/v2\/pages\/22"}],"wp:attachment":[{"href":"http:\/\/nemrud.nl\/index.php\/wp-json\/wp\/v2\/media?parent=71"}],"curies":[{"name":"wp","href":"https:\/\/api.w.org\/{rel}","templated":true}]}}